{"id":2,"date":"2023-12-19T09:32:06","date_gmt":"2023-12-19T08:32:06","guid":{"rendered":"https:\/\/samtgemeinde-grasleben-jobs.de\/?page_id=2"},"modified":"2026-04-29T12:45:02","modified_gmt":"2026-04-29T10:45:02","slug":"samtgemeinde-grasleben-jobs","status":"publish","type":"page","link":"https:\/\/samtgemeinde-grasleben-jobs.de\/","title":{"rendered":""},"content":{"rendered":"<h3><img fetchpriority=\"high\" decoding=\"async\" src=\"https:\/\/samtgemeinde-grasleben-jobs.de\/wp-content\/uploads\/2023\/12\/SG_Grasleben_Banner_Jobs_v3.jpg\" sizes=\"(max-width: 2560px) 100vw, 2560px\" srcset=\"https:\/\/samtgemeinde-grasleben-jobs.de\/wp-content\/uploads\/2023\/12\/SG_Grasleben_Banner_Jobs_v3.jpg 2560w, https:\/\/samtgemeinde-grasleben-jobs.de\/wp-content\/uploads\/2023\/12\/SG_Grasleben_Banner_Jobs_v3-300x113.jpg 300w, https:\/\/samtgemeinde-grasleben-jobs.de\/wp-content\/uploads\/2023\/12\/SG_Grasleben_Banner_Jobs_v3-1024x384.jpg 1024w, https:\/\/samtgemeinde-grasleben-jobs.de\/wp-content\/uploads\/2023\/12\/SG_Grasleben_Banner_Jobs_v3-768x288.jpg 768w, https:\/\/samtgemeinde-grasleben-jobs.de\/wp-content\/uploads\/2023\/12\/SG_Grasleben_Banner_Jobs_v3-1536x576.jpg 1536w, https:\/\/samtgemeinde-grasleben-jobs.de\/wp-content\/uploads\/2023\/12\/SG_Grasleben_Banner_Jobs_v3-2048x768.jpg 2048w\" alt=\"\" width=\"2560\" height=\"960\" \/><\/h3>\n<h2>Karriere bei der Samtgemeinde Grasleben<\/h2>\n<hr \/>\n<h3><span style=\"color: #009900;\">Aktuelle Stellenausschreibungen<\/span><\/h3>\n<p style=\"text-align: justify;\">Die Samtgemeinde Grasleben sucht zum n\u00e4chstm\u00f6glichen Zeitpunkt einen <strong>Techniker \/ eine Technikerin (m\/w\/d) EG 9b TV\u00f6D-VKA.\u00a0<\/strong>Die komplette Stellenausschreibung finden Sie <a href=\"https:\/\/samtgemeinde-grasleben-jobs.de\/wp-content\/uploads\/2026\/04\/Ausschreibung_Techniker_final-PDF.pdf\">hier.<\/a><\/p>\n<hr \/>\n<h3><span style=\"color: #009900;\">Ausbildung<\/span><\/h3>\n<p style=\"text-align: justify;\">Die Samtgemeinde Grasleben bietet im zweij\u00e4hrigem Rhythmus eine <strong>Ausbildungsstelle zum\/zur Verwaltungsfachangestellten (m\/w\/d)<\/strong> an. Das Auswahlverfahren f\u00fcr den Ausbildungsbeginn im Sommer 2026 ist bereits abgeschlossen.<\/p>\n<hr \/>\n<h3><span style=\"color: #009900;\">Studium<\/span><\/h3>\n<p style=\"text-align: justify;\">In zweij\u00e4hrigem Rhythmus wird bei der Samtgemeinde Grasleben ein <strong>dualer Studienplatz<\/strong> <strong>mit dem Abschluss Bachelor of Arts Allgemeine Verwaltung <\/strong>(Public Administration) angeboten. <strong>Der n\u00e4chste Studienplatz wird im Jahr 2027 ausgeschrieben.<\/strong> Das Studium qualifiziert f\u00fcr die Laufbahngruppe 2 und ist ein europaweit und in weiteren Teilen der Welt anerkannter Abschluss. Das dreij\u00e4hrige Studium im Beamtenverh\u00e4ltnis gliedert sich in jeweils ein praktisches und zwei theoretische Trimester pro Jahr, wobei die theoretischen Einheiten am Nieders\u00e4chsischen Studieninstitut (NSI) in Hannover stattfinden. Weiterf\u00fchrende Informationen sind auf der <a href=\"https:\/\/www.nsi-hsvn.de\/studium\/bachelor-of-arts.html\" target=\"_blank\" rel=\"noopener\">Homepage der Hochschule<\/a> zu finden.<\/p>\n<hr \/>\n<h3><span style=\"color: #000000;\"><strong>Video: Ausbildung Verwaltungsfachangestellte<\/strong><\/span><\/h3>\n<div style=\"width: 800px;\" class=\"wp-video\"><video class=\"wp-video-shortcode\" id=\"video-2-1\" width=\"800\" height=\"450\" preload=\"metadata\" controls=\"controls\"><source type=\"video\/mp4\" src=\"https:\/\/samtgemeinde-grasleben-jobs.de\/wp-content\/uploads\/2024\/10\/Grasleben_Ausbildung_Duales_Studium_Final_Quer.mp4?_=1\" \/><a href=\"https:\/\/samtgemeinde-grasleben-jobs.de\/wp-content\/uploads\/2024\/10\/Grasleben_Ausbildung_Duales_Studium_Final_Quer.mp4\">https:\/\/samtgemeinde-grasleben-jobs.de\/wp-content\/uploads\/2024\/10\/Grasleben_Ausbildung_Duales_Studium_Final_Quer.mp4<\/a><\/video><\/div>\n<h3>\u00a0<\/h3>\n<h3><span style=\"color: #000000;\"><strong>Video: Bachelor of Arts &#8211; das Studium f\u00fcr den \u00f6ffentlichen Dienst<\/strong><\/span><\/h3>\n<div style=\"width: 800px;\" class=\"wp-video\"><video class=\"wp-video-shortcode\" id=\"video-2-2\" width=\"800\" height=\"450\" preload=\"metadata\" controls=\"controls\"><source type=\"video\/mp4\" src=\"https:\/\/samtgemeinde-grasleben-jobs.de\/wp-content\/uploads\/2023\/12\/Samtgemeinde-Grasleben_Ausbildung_Video_V3.mp4?_=2\" \/><a href=\"https:\/\/samtgemeinde-grasleben-jobs.de\/wp-content\/uploads\/2023\/12\/Samtgemeinde-Grasleben_Ausbildung_Video_V3.mp4\">https:\/\/samtgemeinde-grasleben-jobs.de\/wp-content\/uploads\/2023\/12\/Samtgemeinde-Grasleben_Ausbildung_Video_V3.mp4<\/a><\/video><\/div>\n<h3>\u00a0<\/h3>\n<h3><span style=\"color: #000000;\"><strong>Outtakes zum Videodreh Ausbildung Verwaltungsfachangestellte<\/strong><\/span><\/h3>\n<div style=\"width: 800px;\" class=\"wp-video\"><video class=\"wp-video-shortcode\" id=\"video-2-3\" width=\"800\" height=\"450\" preload=\"metadata\" controls=\"controls\"><source type=\"video\/mp4\" src=\"https:\/\/samtgemeinde-grasleben-jobs.de\/wp-content\/uploads\/2023\/12\/Behind-the-Scenes_Samtgemeinde-Grasleben-Videodreh.mp4?_=3\" \/><a href=\"https:\/\/samtgemeinde-grasleben-jobs.de\/wp-content\/uploads\/2023\/12\/Behind-the-Scenes_Samtgemeinde-Grasleben-Videodreh.mp4\">https:\/\/samtgemeinde-grasleben-jobs.de\/wp-content\/uploads\/2023\/12\/Behind-the-Scenes_Samtgemeinde-Grasleben-Videodreh.mp4<\/a><\/video><\/div>\n<h3>\u00a0<\/h3>\n<h3><span style=\"color: #000000;\"><strong>Outtakes zum Videodreh Bachelor of Arts<\/strong><\/span><\/h3>\n<div style=\"width: 800px;\" class=\"wp-video\"><video class=\"wp-video-shortcode\" id=\"video-2-4\" width=\"800\" height=\"450\" preload=\"metadata\" controls=\"controls\"><source type=\"video\/mp4\" src=\"https:\/\/samtgemeinde-grasleben-jobs.de\/wp-content\/uploads\/2024\/10\/Grasleben_Ausbildung_Outtakes_V2_komprimiert.mp4?_=4\" \/><a href=\"https:\/\/samtgemeinde-grasleben-jobs.de\/wp-content\/uploads\/2024\/10\/Grasleben_Ausbildung_Outtakes_V2_komprimiert.mp4\">https:\/\/samtgemeinde-grasleben-jobs.de\/wp-content\/uploads\/2024\/10\/Grasleben_Ausbildung_Outtakes_V2_komprimiert.mp4<\/a><\/video><\/div>\n<hr \/>\n<h3 style=\"text-align: center;\"><span style=\"color: #009900;\"><strong>Noch Fragen?<\/strong><\/span><\/h3>\n<p style=\"text-align: center;\">Dann rufen Sie uns unter <a href=\"tel:+495357960019\"><strong>05357 \/ 9600-19<\/strong><\/a> an oder schreiben Sie uns eine E-Mail an <a href=\"mailto:oertel@grasleben.de\"><strong>oertel@grasleben.de<\/strong><\/a>.<\/p>\n<p><img decoding=\"async\" class=\"aligncenter\" title=\"\" src=\"https:\/\/samtgemeinde-grasleben-jobs.de\/wp-content\/uploads\/elementor\/thumbs\/favicon-qh35fcvswieflh8c8fzy3kluqa9865b3f3oe443zdc.jpg\" alt=\"\" width=\"122\" height=\"122\" \/><\/p>\n<p style=\"text-align: justify;\"><em>Beim Absenden dieses Formulars willigen Sie ein, dass Ihre Angaben zur Bearbeitung der Kontaktanfrage und deren Abwicklung gem. Art. 6 Abs. 1 lit. b) DSGVO verarbeitet. Ihre Angaben werden in einem Customer-Relationship-Management System (\u201eCRM System\u201c) oder vergleichbarer Anfragenorganisation gespeichert. Wir l\u00f6schen die Anfragen, sofern diese nicht mehr erforderlich sind. Wir \u00fcberpr\u00fcfen die Erforderlichkeit alle zwei Jahre; Ferner gelten die gesetzlichen Archivierungspflichten.<\/em><\/p>\n<p style=\"text-align: center;\">\n<div class=\"wpcf7 no-js\" id=\"wpcf7-f6-o1\" lang=\"de-DE\" dir=\"ltr\">\n<div class=\"screen-reader-response\"><p role=\"status\" aria-live=\"polite\" aria-atomic=\"true\"><\/p> <ul><\/ul><\/div>\n<form action=\"\/index.php\/wp-json\/wp\/v2\/pages\/2#wpcf7-f6-o1\" method=\"post\" class=\"wpcf7-form init\" aria-label=\"Kontaktformular\" novalidate=\"novalidate\" data-status=\"init\">\n<div style=\"display: none;\">\n<input type=\"hidden\" name=\"_wpcf7\" value=\"6\" \/>\n<input type=\"hidden\" name=\"_wpcf7_version\" value=\"5.8.5\" \/>\n<input type=\"hidden\" name=\"_wpcf7_locale\" value=\"de_DE_formal\" \/>\n<input type=\"hidden\" name=\"_wpcf7_unit_tag\" value=\"wpcf7-f6-o1\" \/>\n<input type=\"hidden\" name=\"_wpcf7_container_post\" value=\"0\" \/>\n<input type=\"hidden\" name=\"_wpcf7_posted_data_hash\" value=\"\" \/>\n<\/div>\n<div class=\"form_headline\">\n\t<p><strong>Ihre Online-Bewerbung bei der Samtgemeinde Grasleben<\/strong>\n\t<\/p>\n<\/div>\n<p>(* Pflichtfelder)\n<\/p>\n<p><label> Ihr Vorname* <span class=\"wpcf7-form-control-wrap\" data-name=\"vorname\"><input size=\"40\" class=\"wpcf7-form-control wpcf7-text wpcf7-validates-as-required\" aria-required=\"true\" aria-invalid=\"false\" value=\"\" type=\"text\" name=\"vorname\" \/><\/span> <\/label>\n<\/p>\n<p><label> Ihr Nachname* <span class=\"wpcf7-form-control-wrap\" data-name=\"nachname\"><input size=\"40\" class=\"wpcf7-form-control wpcf7-text wpcf7-validates-as-required\" aria-required=\"true\" aria-invalid=\"false\" value=\"\" type=\"text\" name=\"nachname\" \/><\/span> <\/label>\n<\/p>\n<p><label> Stra\u00dfe und Hausnummer* <span class=\"wpcf7-form-control-wrap\" data-name=\"strasse\"><input size=\"40\" class=\"wpcf7-form-control wpcf7-text wpcf7-validates-as-required\" aria-required=\"true\" aria-invalid=\"false\" value=\"\" type=\"text\" name=\"strasse\" \/><\/span> <\/label>\n<\/p>\n<p><label> PLZ und Ort* <span class=\"wpcf7-form-control-wrap\" data-name=\"plz\"><input size=\"40\" class=\"wpcf7-form-control wpcf7-text wpcf7-validates-as-required\" aria-required=\"true\" aria-invalid=\"false\" value=\"\" type=\"text\" name=\"plz\" \/><\/span> <\/label>\n<\/p>\n<p>Ihr Geburtsdatum*<br \/>\n<span class=\"wpcf7-form-control-wrap\" data-name=\"geburtsdatum\"><input class=\"wpcf7-form-control wpcf7-date wpcf7-validates-as-required wpcf7-validates-as-date\" min=\"1970-01-01\" aria-required=\"true\" aria-invalid=\"false\" placeholder=\"\" value=\"\" type=\"date\" name=\"geburtsdatum\" \/><\/span>\n<\/p>\n<p><label> Telefon* <span class=\"wpcf7-form-control-wrap\" data-name=\"telefon\"><input size=\"40\" class=\"wpcf7-form-control wpcf7-tel wpcf7-validates-as-required wpcf7-text wpcf7-validates-as-tel\" aria-required=\"true\" aria-invalid=\"false\" value=\"\" type=\"tel\" name=\"telefon\" \/><\/span> <\/label>\n<\/p>\n<p><label> E-Mail* <span class=\"wpcf7-form-control-wrap\" data-name=\"mail\"><input size=\"40\" class=\"wpcf7-form-control wpcf7-email wpcf7-validates-as-required wpcf7-text wpcf7-validates-as-email\" aria-required=\"true\" aria-invalid=\"false\" value=\"\" type=\"email\" name=\"mail\" \/><\/span> <\/label>\n<\/p>\n<p>Dokumentenupload (Anschreiben, Lebenslauf, Zeugnisse, Passbild usw. \/ Bitte verwenden Sie vorzugsweise das PDF-Format und fassen Ihre Bewerbung m\u00f6glichst in einer Datei mit max. 10 MB zusammen. Alternative Formate: JPG, JPEG, oder PNG):\n<\/p>\n<p><span class=\"wpcf7-form-control-wrap\" data-name=\"upload\"><input size=\"40\" class=\"wpcf7-form-control wpcf7-drag-n-drop-file d-none\" aria-invalid=\"false\" type=\"file\" multiple=\"multiple\" data-name=\"upload\" data-type=\"jpg|jpeg|png|pdf\" data-limit=\"10485760\" data-min=\"1\" data-max=\"10\" data-id=\"6\" data-version=\"free version 1.3.7.4\" accept=\".jpg, .jpeg, .png, .pdf\" \/><\/span>\n<\/p>\n<p><span class=\"wpcf7-form-control-wrap\" data-name=\"dsgvo\"><span class=\"wpcf7-form-control wpcf7-acceptance\"><span class=\"wpcf7-list-item\"><label><input type=\"checkbox\" name=\"dsgvo\" value=\"1\" aria-invalid=\"false\" \/><span class=\"wpcf7-list-item-label\">Ja, ich willige in die Speicherung meiner Daten ein.<\/span><\/label><\/span><\/span><\/span>\n<\/p>\n<p><span class=\"wpcf7-form-control-wrap kc_captcha\" data-name=\"kc_captcha\"><span class=\"wpcf7-form-control wpcf7-radio\"><span class=\"captcha-image\" ><span class=\"cf7ic_instructions\">Bitte beweisen Sie, dass Sie kein Spambot sind und w\u00e4hlen Sie das Symbol<span> Flugzeug<\/span>.<\/span><label><input type=\"radio\" name=\"kc_captcha\" value=\"bot\" \/><svg width=\"50\" height=\"50\" aria-hidden=\"true\" role=\"img\" xmlns=\"http:\/\/www.w3.org\/2000\/svg\" viewBox=\"0 0 576 512\"><path fill=\"currentColor\" d=\"M259 18l-65 132-146 22c-26 3-37 36-18 54l106 103-25 146c-5 26 23 46 46 33l131-68 131 68c23 13 51-7 46-33l-25-146 106-103c19-18 8-51-18-54l-146-22-65-132a32 32 0 00-58 0z\"\/><\/svg><\/label><label><input type=\"radio\" name=\"kc_captcha\" value=\"bot\" \/><svg width=\"50\" height=\"50\" aria-hidden=\"true\" role=\"img\" xmlns=\"http:\/\/www.w3.org\/2000\/svg\" viewBox=\"0 0 384 512\"><path fill=\"currentColor\" d=\"M377 375l-83-87h34c21 0 32-25 17-40l-82-88h33c21 0 32-25 18-40L210 8c-10-11-26-11-36 0L70 120c-14 15-3 40 18 40h33l-82 88c-15 15-4 40 17 40h34L7 375c-15 16-4 41 17 41h120c0 33-11 49-34 68-12 9-5 28 10 28h144c15 0 22-19 10-28-20-16-34-32-34-68h120c21 0 32-25 17-41z\"\/><\/svg><\/label><label><input type=\"radio\" name=\"kc_captcha\" value=\"kc_human\" \/><svg width=\"50\" height=\"50\" aria-hidden=\"true\" role=\"img\" xmlns=\"http:\/\/www.w3.org\/2000\/svg\" viewBox=\"0 0 576 512\"><path fill=\"currentColor\" d=\"M472 200H360L256 6a12 12 0 00-10-6h-58c-8 0-14 7-12 15l34 185H100l-35-58a12 12 0 00-10-6H12c-8 0-13 7-12 14l21 106L0 362c-1 7 4 14 12 14h43c4 0 8-2 10-6l35-58h110l-34 185c-2 8 4 15 12 15h58a12 12 0 0010-6l104-194h112c57 0 104-25 104-56s-47-56-104-56z\"\/><\/svg><\/label>\r\n    <\/span>\r\n    <span style=\"display:none\">\r\n        <input type=\"text\" name=\"kc_honeypot\">\r\n    <\/span><\/span><\/span>\n<\/p>\n<p><input class=\"wpcf7-form-control wpcf7-submit has-spinner\" type=\"submit\" value=\"Senden\" \/>\n<\/p><div class=\"wpcf7-response-output\" aria-hidden=\"true\"><\/div>\n<\/form>\n<\/div>\n<\/p>\n<h2>Impressum<\/h2>\n<p><strong>Samtgemeinde Grasleben<\/strong><\/p>\n<address><em>Samtgemeindeb\u00fcrgermeister Gero Janze<\/em><br \/><em>Bahnhofstra\u00dfe 4<\/em><br \/><em>38368 Grasleben\u00a0<\/em><\/address>\n<p>Telefon: 05357 \/ 9600-0 (Zentrale)<br \/>Telefax: 05357 \/ 9600-55<br \/>E-Mail: <a href=\"mailto:grasleben@grasleben.de\">grasleben@grasleben.de<\/a><\/p>\n<p style=\"text-align: left;\"><a href=\"https:\/\/samtgemeinde-grasleben-jobs.de\/index.php\/datenschutzerklaerung\/\">Datenschutzerkl\u00e4rung<\/a><\/p>\n\n\n<p><\/p>\n","protected":false},"excerpt":{"rendered":"<p>Karriere bei der Samtgemeinde Grasleben Aktuelle Stellenausschreibungen Die Samtgemeinde Grasleben sucht zum n\u00e4chstm\u00f6glichen Zeitpunkt einen Techniker \/ eine Technikerin (m\/w\/d) EG 9b TV\u00f6D-VKA.\u00a0Die komplette Stellenausschreibung finden Sie hier. Ausbildung Die Samtgemeinde Grasleben bietet im zweij\u00e4hrigem Rhythmus eine Ausbildungsstelle zum\/zur Verwaltungsfachangestellten (m\/w\/d) an. Das Auswahlverfahren f\u00fcr den Ausbildungsbeginn im Sommer 2026 ist bereits abgeschlossen. Studium In [&hellip;]<\/p>\n","protected":false},"author":1,"featured_media":0,"parent":0,"menu_order":0,"comment_status":"closed","ping_status":"open","template":"","meta":{"footnotes":""},"class_list":["post-2","page","type-page","status-publish","hentry"],"yoast_head":"<!-- This site is optimized with the Yoast SEO plugin v23.7 - https:\/\/yoast.com\/wordpress\/plugins\/seo\/ -->\n<title>- Samtgemeinde Grasleben Jobs<\/title>\n<meta name=\"description\" content=\"Finden Sie Ihren Traumjob bei der Samtgemeinde Grasleben\" \/>\n<meta name=\"robots\" content=\"index, follow, max-snippet:-1, max-image-preview:large, max-video-preview:-1\" \/>\n<link rel=\"canonical\" href=\"https:\/\/samtgemeinde-grasleben-jobs.de\/\" \/>\n<meta property=\"og:locale\" content=\"de_DE\" \/>\n<meta property=\"og:type\" content=\"article\" \/>\n<meta property=\"og:title\" content=\"- Samtgemeinde Grasleben Jobs\" \/>\n<meta property=\"og:description\" content=\"Finden Sie Ihren Traumjob bei der Samtgemeinde Grasleben\" \/>\n<meta property=\"og:url\" content=\"https:\/\/samtgemeinde-grasleben-jobs.de\/\" \/>\n<meta property=\"og:site_name\" content=\"Samtgemeinde Grasleben Jobs\" \/>\n<meta property=\"article:publisher\" content=\"https:\/\/www.facebook.com\/grasleben\" \/>\n<meta property=\"article:modified_time\" content=\"2026-04-29T10:45:02+00:00\" \/>\n<meta property=\"og:image\" content=\"https:\/\/samtgemeinde-grasleben-jobs.de\/wp-content\/uploads\/2023\/12\/SG_Grasleben_Banner_Jobs_v3.jpg\" \/>\n<meta name=\"twitter:card\" content=\"summary_large_image\" \/>\n<meta name=\"twitter:label1\" content=\"Gesch\u00e4tzte Lesezeit\" \/>\n\t<meta name=\"twitter:data1\" content=\"3\u00a0Minuten\" \/>\n<script type=\"application\/ld+json\" class=\"yoast-schema-graph\">{\"@context\":\"https:\/\/schema.org\",\"@graph\":[{\"@type\":\"WebPage\",\"@id\":\"https:\/\/samtgemeinde-grasleben-jobs.de\/\",\"url\":\"https:\/\/samtgemeinde-grasleben-jobs.de\/\",\"name\":\"- Samtgemeinde Grasleben Jobs\",\"isPartOf\":{\"@id\":\"https:\/\/samtgemeinde-grasleben-jobs.de\/#website\"},\"primaryImageOfPage\":{\"@id\":\"https:\/\/samtgemeinde-grasleben-jobs.de\/#primaryimage\"},\"image\":{\"@id\":\"https:\/\/samtgemeinde-grasleben-jobs.de\/#primaryimage\"},\"thumbnailUrl\":\"https:\/\/samtgemeinde-grasleben-jobs.de\/wp-content\/uploads\/2023\/12\/SG_Grasleben_Banner_Jobs_v3.jpg\",\"datePublished\":\"2023-12-19T08:32:06+00:00\",\"dateModified\":\"2026-04-29T10:45:02+00:00\",\"description\":\"Finden Sie Ihren Traumjob bei der Samtgemeinde Grasleben\",\"inLanguage\":\"de\",\"potentialAction\":[{\"@type\":\"ReadAction\",\"target\":[\"https:\/\/samtgemeinde-grasleben-jobs.de\/\"]}]},{\"@type\":\"ImageObject\",\"inLanguage\":\"de\",\"@id\":\"https:\/\/samtgemeinde-grasleben-jobs.de\/#primaryimage\",\"url\":\"https:\/\/samtgemeinde-grasleben-jobs.de\/wp-content\/uploads\/2023\/12\/SG_Grasleben_Banner_Jobs_v3.jpg\",\"contentUrl\":\"https:\/\/samtgemeinde-grasleben-jobs.de\/wp-content\/uploads\/2023\/12\/SG_Grasleben_Banner_Jobs_v3.jpg\",\"width\":2560,\"height\":960},{\"@type\":\"WebSite\",\"@id\":\"https:\/\/samtgemeinde-grasleben-jobs.de\/#website\",\"url\":\"https:\/\/samtgemeinde-grasleben-jobs.de\/\",\"name\":\"Samtgemeinde Grasleben Jobs\",\"description\":\"\",\"publisher\":{\"@id\":\"https:\/\/samtgemeinde-grasleben-jobs.de\/#organization\"},\"alternateName\":\"Grasleben Jobs\",\"potentialAction\":[{\"@type\":\"SearchAction\",\"target\":{\"@type\":\"EntryPoint\",\"urlTemplate\":\"https:\/\/samtgemeinde-grasleben-jobs.de\/?s={search_term_string}\"},\"query-input\":{\"@type\":\"PropertyValueSpecification\",\"valueRequired\":true,\"valueName\":\"search_term_string\"}}],\"inLanguage\":\"de\"},{\"@type\":\"Organization\",\"@id\":\"https:\/\/samtgemeinde-grasleben-jobs.de\/#organization\",\"name\":\"Samtgemeinde Grasleben\",\"url\":\"https:\/\/samtgemeinde-grasleben-jobs.de\/\",\"logo\":{\"@type\":\"ImageObject\",\"inLanguage\":\"de\",\"@id\":\"https:\/\/samtgemeinde-grasleben-jobs.de\/#\/schema\/logo\/image\/\",\"url\":\"https:\/\/samtgemeinde-grasleben-jobs.de\/wp-content\/uploads\/2024\/11\/Wappen-SG-Grasleben.jpg\",\"contentUrl\":\"https:\/\/samtgemeinde-grasleben-jobs.de\/wp-content\/uploads\/2024\/11\/Wappen-SG-Grasleben.jpg\",\"width\":646,\"height\":736,\"caption\":\"Samtgemeinde Grasleben\"},\"image\":{\"@id\":\"https:\/\/samtgemeinde-grasleben-jobs.de\/#\/schema\/logo\/image\/\"},\"sameAs\":[\"https:\/\/www.facebook.com\/grasleben\",\"https:\/\/www.instagram.com\/samtgemeinde_grasleben\"]}]}<\/script>\n<!-- \/ Yoast SEO plugin. -->","yoast_head_json":{"title":"- Samtgemeinde Grasleben Jobs","description":"Finden Sie Ihren Traumjob bei der Samtgemeinde Grasleben","robots":{"index":"index","follow":"follow","max-snippet":"max-snippet:-1","max-image-preview":"max-image-preview:large","max-video-preview":"max-video-preview:-1"},"canonical":"https:\/\/samtgemeinde-grasleben-jobs.de\/","og_locale":"de_DE","og_type":"article","og_title":"- Samtgemeinde Grasleben Jobs","og_description":"Finden Sie Ihren Traumjob bei der Samtgemeinde Grasleben","og_url":"https:\/\/samtgemeinde-grasleben-jobs.de\/","og_site_name":"Samtgemeinde Grasleben Jobs","article_publisher":"https:\/\/www.facebook.com\/grasleben","article_modified_time":"2026-04-29T10:45:02+00:00","og_image":[{"url":"https:\/\/samtgemeinde-grasleben-jobs.de\/wp-content\/uploads\/2023\/12\/SG_Grasleben_Banner_Jobs_v3.jpg"}],"twitter_card":"summary_large_image","twitter_misc":{"Gesch\u00e4tzte Lesezeit":"3\u00a0Minuten"},"schema":{"@context":"https:\/\/schema.org","@graph":[{"@type":"WebPage","@id":"https:\/\/samtgemeinde-grasleben-jobs.de\/","url":"https:\/\/samtgemeinde-grasleben-jobs.de\/","name":"- Samtgemeinde Grasleben Jobs","isPartOf":{"@id":"https:\/\/samtgemeinde-grasleben-jobs.de\/#website"},"primaryImageOfPage":{"@id":"https:\/\/samtgemeinde-grasleben-jobs.de\/#primaryimage"},"image":{"@id":"https:\/\/samtgemeinde-grasleben-jobs.de\/#primaryimage"},"thumbnailUrl":"https:\/\/samtgemeinde-grasleben-jobs.de\/wp-content\/uploads\/2023\/12\/SG_Grasleben_Banner_Jobs_v3.jpg","datePublished":"2023-12-19T08:32:06+00:00","dateModified":"2026-04-29T10:45:02+00:00","description":"Finden Sie Ihren Traumjob bei der Samtgemeinde Grasleben","inLanguage":"de","potentialAction":[{"@type":"ReadAction","target":["https:\/\/samtgemeinde-grasleben-jobs.de\/"]}]},{"@type":"ImageObject","inLanguage":"de","@id":"https:\/\/samtgemeinde-grasleben-jobs.de\/#primaryimage","url":"https:\/\/samtgemeinde-grasleben-jobs.de\/wp-content\/uploads\/2023\/12\/SG_Grasleben_Banner_Jobs_v3.jpg","contentUrl":"https:\/\/samtgemeinde-grasleben-jobs.de\/wp-content\/uploads\/2023\/12\/SG_Grasleben_Banner_Jobs_v3.jpg","width":2560,"height":960},{"@type":"WebSite","@id":"https:\/\/samtgemeinde-grasleben-jobs.de\/#website","url":"https:\/\/samtgemeinde-grasleben-jobs.de\/","name":"Samtgemeinde Grasleben Jobs","description":"","publisher":{"@id":"https:\/\/samtgemeinde-grasleben-jobs.de\/#organization"},"alternateName":"Grasleben Jobs","potentialAction":[{"@type":"SearchAction","target":{"@type":"EntryPoint","urlTemplate":"https:\/\/samtgemeinde-grasleben-jobs.de\/?s={search_term_string}"},"query-input":{"@type":"PropertyValueSpecification","valueRequired":true,"valueName":"search_term_string"}}],"inLanguage":"de"},{"@type":"Organization","@id":"https:\/\/samtgemeinde-grasleben-jobs.de\/#organization","name":"Samtgemeinde Grasleben","url":"https:\/\/samtgemeinde-grasleben-jobs.de\/","logo":{"@type":"ImageObject","inLanguage":"de","@id":"https:\/\/samtgemeinde-grasleben-jobs.de\/#\/schema\/logo\/image\/","url":"https:\/\/samtgemeinde-grasleben-jobs.de\/wp-content\/uploads\/2024\/11\/Wappen-SG-Grasleben.jpg","contentUrl":"https:\/\/samtgemeinde-grasleben-jobs.de\/wp-content\/uploads\/2024\/11\/Wappen-SG-Grasleben.jpg","width":646,"height":736,"caption":"Samtgemeinde Grasleben"},"image":{"@id":"https:\/\/samtgemeinde-grasleben-jobs.de\/#\/schema\/logo\/image\/"},"sameAs":["https:\/\/www.facebook.com\/grasleben","https:\/\/www.instagram.com\/samtgemeinde_grasleben"]}]}},"_links":{"self":[{"href":"https:\/\/samtgemeinde-grasleben-jobs.de\/index.php\/wp-json\/wp\/v2\/pages\/2","targetHints":{"allow":["GET"]}}],"collection":[{"href":"https:\/\/samtgemeinde-grasleben-jobs.de\/index.php\/wp-json\/wp\/v2\/pages"}],"about":[{"href":"https:\/\/samtgemeinde-grasleben-jobs.de\/index.php\/wp-json\/wp\/v2\/types\/page"}],"author":[{"embeddable":true,"href":"https:\/\/samtgemeinde-grasleben-jobs.de\/index.php\/wp-json\/wp\/v2\/users\/1"}],"replies":[{"embeddable":true,"href":"https:\/\/samtgemeinde-grasleben-jobs.de\/index.php\/wp-json\/wp\/v2\/comments?post=2"}],"version-history":[{"count":321,"href":"https:\/\/samtgemeinde-grasleben-jobs.de\/index.php\/wp-json\/wp\/v2\/pages\/2\/revisions"}],"predecessor-version":[{"id":507,"href":"https:\/\/samtgemeinde-grasleben-jobs.de\/index.php\/wp-json\/wp\/v2\/pages\/2\/revisions\/507"}],"wp:attachment":[{"href":"https:\/\/samtgemeinde-grasleben-jobs.de\/index.php\/wp-json\/wp\/v2\/media?parent=2"}],"curies":[{"name":"wp","href":"https:\/\/api.w.org\/{rel}","templated":true}]}}